{"id":24804,"date":"2023-11-28T22:55:42","date_gmt":"2023-11-28T22:55:42","guid":{"rendered":"https:\/\/www.ipq.pt\/academia-q\/"},"modified":"2025-02-24T13:45:02","modified_gmt":"2025-02-24T13:45:02","slug":"academia-q","status":"publish","type":"page","link":"https:\/\/www.ipq.pt\/en\/academia-q\/","title":{"rendered":"ACADEMIA Q"},"content":{"rendered":"<p><div class=\"fusion-fullwidth fullwidth-box fusion-builder-row-1 fusion-flex-container hundred-percent-fullwidth non-hundred-percent-height-scrolling\" style=\"--awb-border-sizes-top:0px;--awb-border-sizes-bottom:0px;--awb-border-sizes-left:0px;--awb-border-sizes-right:0px;--awb-border-radius-top-left:0px;--awb-border-radius-top-right:0px;--awb-border-radius-bottom-right:0px;--awb-border-radius-bottom-left:0px;--awb-padding-top:0px;--awb-padding-right:0px;--awb-padding-bottom:0px;--awb-padding-left:0px;--awb-margin-top:0px;--awb-flex-wrap:wrap;\" ><div class=\"fusion-builder-row fusion-row fusion-flex-align-items-flex-start fusion-flex-content-wrap\" style=\"width:calc( 100% + 0px ) !important;max-width:calc( 100% + 0px ) !important;margin-left: calc(-0px \/ 2 );margin-right: calc(-0px \/ 2 );\"><div class=\"fusion-layout-column fusion_builder_column fusion-builder-column-0 fusion_builder_column_1_1 1_1 fusion-flex-column\" style=\"--awb-padding-bottom:3%;--awb-bg-size:cover;--awb-width-large:100%;--awb-margin-top-large:0px;--awb-spacing-right-large:0px;--awb-margin-bottom-large:0px;--awb-spacing-left-large:0px;--awb-width-medium:100%;--awb-spacing-right-medium:0px;--awb-spacing-left-medium:0px;--awb-width-small:100%;--awb-spacing-right-small:0px;--awb-spacing-left-small:0px;\"><div class=\"fusion-column-wrapper fusion-column-has-shadow fusion-flex-justify-content-flex-start fusion-content-layout-column\"><div class=\"fusion-image-element \" style=\"--awb-caption-title-font-family:var(--h2_typography-font-family);--awb-caption-title-font-weight:var(--h2_typography-font-weight);--awb-caption-title-font-style:var(--h2_typography-font-style);--awb-caption-title-size:var(--h2_typography-font-size);--awb-caption-title-transform:var(--h2_typography-text-transform);--awb-caption-title-line-height:var(--h2_typography-line-height);--awb-caption-title-letter-spacing:var(--h2_typography-letter-spacing);\"><span class=\" fusion-imageframe imageframe-none imageframe-1 hover-type-none\"><img decoding=\"async\" width=\"2005\" height=\"265\" alt=\"AcademiaQ\" title=\"Banner_Site_Academia Q\" src=\"https:\/\/www.ipq.pt\/wp-content\/uploads\/Banner_Site_Academia-Q.jpg\" data-orig-src=\"https:\/\/storagewebsiteipq.blob.core.windows.net\/website\/Banner_Site_Academia-Q.jpg\" class=\"lazyload img-responsive wp-image-24723\" srcset=\"data:image\/svg+xml,%3Csvg%20xmlns%3D%27http%3A%2F%2Fwww.w3.org%2F2000%2Fsvg%27%20width%3D%272005%27%20height%3D%27265%27%20viewBox%3D%270%200%202005%20265%27%3E%3Crect%20width%3D%272005%27%20height%3D%27265%27%20fill-opacity%3D%220%22%2F%3E%3C%2Fsvg%3E\" data-srcset=\"https:\/\/www.ipq.pt\/wp-content\/uploads\/Banner_Site_Academia-Q-200x26.jpg 200w, https:\/\/www.ipq.pt\/wp-content\/uploads\/Banner_Site_Academia-Q-400x53.jpg 400w, https:\/\/www.ipq.pt\/wp-content\/uploads\/Banner_Site_Academia-Q-600x79.jpg 600w, https:\/\/www.ipq.pt\/wp-content\/uploads\/Banner_Site_Academia-Q-800x106.jpg 800w, https:\/\/www.ipq.pt\/wp-content\/uploads\/Banner_Site_Academia-Q-1200x159.jpg 1200w, https:\/\/www.ipq.pt\/wp-content\/uploads\/Banner_Site_Academia-Q.jpg 2005w\" data-sizes=\"auto\" data-orig-sizes=\"(max-width: 1024px) 100vw, (max-width: 640px) 100vw, 2005px\" \/><\/span><\/div><\/div><\/div><\/div><\/div><div class=\"fusion-fullwidth fullwidth-box fusion-builder-row-2 fusion-flex-container nonhundred-percent-fullwidth non-hundred-percent-height-scrolling\" style=\"--awb-border-radius-top-left:0px;--awb-border-radius-top-right:0px;--awb-border-radius-bottom-right:0px;--awb-border-radius-bottom-left:0px;--awb-flex-wrap:wrap;\" ><div class=\"fusion-builder-row fusion-row fusion-flex-align-items-flex-start fusion-flex-content-wrap\" style=\"max-width:1420.64px;margin-left: calc(-4% \/ 2 );margin-right: calc(-4% \/ 2 );\"><div class=\"fusion-layout-column fusion_builder_column fusion-builder-column-1 fusion_builder_column_1_3 1_3 fusion-flex-column\" style=\"--awb-bg-size:cover;--awb-width-large:33.333333333333%;--awb-margin-top-large:0px;--awb-spacing-right-large:5.76%;--awb-margin-bottom-large:0px;--awb-spacing-left-large:5.76%;--awb-width-medium:100%;--awb-spacing-right-medium:1.92%;--awb-spacing-left-medium:1.92%;--awb-width-small:100%;--awb-spacing-right-small:1.92%;--awb-spacing-left-small:1.92%;\"><div class=\"fusion-column-wrapper fusion-column-has-shadow fusion-flex-justify-content-flex-start fusion-content-layout-column\"><div class=\"fusion-widget fusion-widget-element fusion-widget-area fusion-content-widget-area wpWidget-1 menu_v_template1 fusion_widget_vertical_menu no-divider-color\" style=\"--awb-fusion-border-size:0px;--awb-fusion-border-style:solid;\"><div class=\"widget avada_vertical_menu\"><style>#fusion-vertical-menu-widget-avada-vertical-menu-widget-1-nav ul.menu li a {font-size:14px;}<\/style><nav id=\"fusion-vertical-menu-widget-avada-vertical-menu-widget-1-nav\" class=\"fusion-vertical-menu-widget fusion-menu hover left no-border\" aria-label=\"Secondary navigation\"><ul id=\"menu-academia-q\" class=\"menu\"><li id=\"menu-item-24740\" class=\"menu-item menu-item-type-custom menu-item-object-custom menu-item-has-children menu-item-24740\"><a href=\"https:\/\/www.ipq.pt\/academia-q\/\"><span class=\"link-text\"> Academia Q<\/span><span class=\"arrow\"><\/span><\/a><ul class=\"sub-menu\"><li id=\"menu-item-24741\" class=\"menu-item menu-item-type-custom menu-item-object-custom menu-item-24741\"><a href=\"https:\/\/academiaq.ipq.pt\/login\/index.php\"><span class=\"link-text\"> Moodle da Academia Q<\/span><span class=\"arrow\"><\/span><\/a><\/li><\/ul><\/li><\/ul><\/nav><\/div><\/div><\/div><\/div><div class=\"fusion-layout-column fusion_builder_column fusion-builder-column-2 fusion_builder_column_2_3 2_3 fusion-flex-column\" style=\"--awb-bg-size:cover;--awb-width-large:66.666666666667%;--awb-margin-top-large:0px;--awb-spacing-right-large:2.88%;--awb-margin-bottom-large:0px;--awb-spacing-left-large:2.88%;--awb-width-medium:100%;--awb-spacing-right-medium:1.92%;--awb-spacing-left-medium:1.92%;--awb-width-small:100%;--awb-spacing-right-small:1.92%;--awb-spacing-left-small:1.92%;\"><div class=\"fusion-column-wrapper fusion-column-has-shadow fusion-flex-justify-content-flex-start fusion-content-layout-column\"><div class=\"fusion-title title fusion-title-1 fusion-sep-none fusion-title-text fusion-title-size-six template-1-title\" style=\"--awb-text-color:#a259ff;--awb-font-size:20px;\"><h6 class=\"fusion-title-heading title-heading-left fusion-responsive-typography-calculated\" style=\"margin:0;font-size:1em;--fontSize:20;--minFontSize:20;line-height:1.3;\">ACADEMIA Q<\/h6><\/div><div class=\"fusion-text fusion-text-1\"><p>A <b>Academia Q<\/b> \u00e9 uma iniciativa do <b>Instituto Portugu\u00eas da Qualidade<\/b>, que visa concretizar o Eixo Educa\u00e7\u00e3o, Sensibiliza\u00e7\u00e3o e Forma\u00e7\u00e3o da Agenda Estrat\u00e9gica para a Qualidade 2030.<\/p>\n<p>Acreditamos que atrav\u00e9s da promo\u00e7\u00e3o de uma cultura da Qualidade, podemos focar e impulsionar a criatividade, a competitividade<br \/>\ne a excel\u00eancia do tecido socioecon\u00f3mico nacional para criar valor, confian\u00e7a e ambi\u00e7\u00e3o para assumir uma posi\u00e7\u00e3o de destaque num mundo cada vez mais globalizado.<\/p>\n<p>A nossa miss\u00e3o \u00e9 clara: criar, ministrar e promover a\u00e7\u00f5es de forma\u00e7\u00e3o e sensibiliza\u00e7\u00e3o nos dom\u00ednios da normaliza\u00e7\u00e3o, metrologia<br \/>\ne qualifica\u00e7\u00e3o, enquanto entidade respons\u00e1vel pelo Sistema Portugu\u00eas da Qualidade (SPQ).<\/p>\n<p>Os valores essenciais que pautam a nossa din\u00e2mica s\u00e3o a Inova\u00e7\u00e3o, a Partilha, a Integridade e a Inclus\u00e3o.<\/p>\n<\/div><div class=\"fusion-title title fusion-title-2 fusion-sep-none fusion-title-text fusion-title-size-six template-1-title\" style=\"--awb-text-color:#a259ff;--awb-font-size:16px;\"><h6 class=\"fusion-title-heading title-heading-left fusion-responsive-typography-calculated\" style=\"margin:0;font-size:1em;letter-spacing:;--fontSize:16;--minFontSize:16;line-height:1;\"><strong>A Academia Q pretende:<\/strong><\/h6><\/div><div class=\"fusion-text fusion-text-2\"><ul>\n<li>Disponibilizar uma oferta formativa alargada, baseada nos tr\u00eas pilares do Sistema Portugu\u00eas da Qualidade, designadamente,<br \/>\nno \u00e2mbito normaliza\u00e7\u00e3o, metrologia e da qualifica\u00e7\u00e3o;<\/li>\n<li>Certificar T\u00e9cnicos Experimentadores Metrologistas;<\/li>\n<li>Conceber e desenvolver forma\u00e7\u00e3o no \u00e2mbito dos diversos dom\u00ednios da qualidade, \u00e0 medida, e sobretudo, em mat\u00e9rias em que<br \/>\nse tenha identificado um gap formativo, ou de oferta formativa do mercado;<\/li>\n<li>Destacar o papel do IPQ e da sua rede de parceiros, como entidades agregadoras e promotoras da oferta formativa no \u00e2mbito<br \/>\ndo Sistema Portugu\u00eas da Qualidade.<\/li>\n<\/ul>\n<p class=\"paragraph\" style=\"margin: 0cm; vertical-align: baseline; text-align: left;\">O IPQ integra a rede de entidades formadoras do Sistema Nacional de Qualifica\u00e7\u00f5es prevista no artigo 16.\u00ba do Decreto-Lei n.\u00ba 396\/2007, de 31 de dezembro.<\/p>\n<p class=\"paragraph\" style=\"margin: 0cm; vertical-align: baseline; text-align: left;\">Decorrendo o desenvolvimento das atividades formativas do disposto na Lei Org\u00e2nica do IPQ (Artigo 3\u00ba, al\u00ednea g, do Decreto-Lei n.\u00ba 71\/2012, de 21 de mar\u00e7o, alterado pelo Decreto-Lei n.\u00ba 80\/2014, de 15 de maio, o IPQ n\u00e3o necessita de reconhecer a certifica\u00e7\u00e3o formal junto da DGERT, embora o possa fazer (art.\u00ba 4.\u00ba, Portaria n.\u00ba 851\/2010, de 6 de setembro), encontrando-se sujeito ao cumprimento dos requisitos do referencial de certifica\u00e7\u00e3o e da legisla\u00e7\u00e3o associada.<\/p>\n<p class=\"paragraph\" style=\"margin: 0cm; vertical-align: baseline; text-align: left;\">Num contexto de globaliza\u00e7\u00e3o, a produ\u00e7\u00e3o e a dissemina\u00e7\u00e3o do conhecimento sobre Qualidade e a disponibiliza\u00e7\u00e3o de infraestruturas e metodologias ancoradas nos subsistemas da Normaliza\u00e7\u00e3o, da Metrologia e da Qualifica\u00e7\u00e3o continuam a revelar-se uma vantagem competitiva.<\/p>\n<p>Atrav\u00e9s da Qualidade, pretendemos ser um catalisador de pol\u00edticas facilitadoras da afirma\u00e7\u00e3o da especificidade e da competitividade dos nossos stakeholders, que para al\u00e9m do seu desempenho nacional pretendem, cada vez mais, marcar a diferen\u00e7a a n\u00edvel internacional, nomeadamente em geografias com economias emergentes.<\/p>\n<p>O nosso compromisso, sustentado na participa\u00e7\u00e3o inclusiva de todas as partes interessadas no ecossistema da Qualidade, reitera o desenvolvimento do Sistema Portugu\u00eas da Qualidade, suportado pela infraestrutura da Qualidade.<\/p>\n<p>A Qualidade \u00e9 um objetivo coletivo que concorre para o cumprimento dos Objetivos de Desenvolvimento Sustent\u00e1vel (ODS). Alcan\u00e7ar metas t\u00e3o exigentes como as dos ODS, implica Conhecimento e trabalho coletivo.<\/p>\n<p>Assumimos a nossa parte, tamb\u00e9m, atrav\u00e9s desta <b style=\"color: #2a2a2a;\">Academia<\/b>, com a partilha de Conhecimento que pretendemos desenvolver. Junte-se a n\u00f3s nesta jornada em prol da Qualidade e do sucesso de Portugal.<\/p>\n<p><a href=\"https:\/\/www.ipq.pt\/eventos-e-formacoes\/\">Consulte a oferta formativa<\/a>.<\/p>\n<\/div><div class=\"fusion-title title fusion-title-3 fusion-sep-none fusion-title-text fusion-title-size-six template-1-title\" style=\"--awb-text-color:#a259ff;--awb-font-size:20px;\"><h6 class=\"fusion-title-heading title-heading-left fusion-responsive-typography-calculated\" style=\"margin:0;font-size:1em;--fontSize:20;--minFontSize:20;line-height:1.3;\">Aceda ao Moodle da Academia Q<\/h6><\/div><div class=\"fusion-image-element \" style=\"--awb-caption-title-font-family:var(--h2_typography-font-family);--awb-caption-title-font-weight:var(--h2_typography-font-weight);--awb-caption-title-font-style:var(--h2_typography-font-style);--awb-caption-title-size:var(--h2_typography-font-size);--awb-caption-title-transform:var(--h2_typography-text-transform);--awb-caption-title-line-height:var(--h2_typography-line-height);--awb-caption-title-letter-spacing:var(--h2_typography-letter-spacing);\"><span class=\" fusion-imageframe imageframe-none imageframe-2 hover-type-none\" style=\"border:5px solid #f6f6f6;\"><a class=\"fusion-no-lightbox\" href=\"https:\/\/academiaq.ipq.pt\/login\/index.php\" target=\"_self\" aria-label=\"Miniatura_Academia Q\"><img decoding=\"async\" width=\"300\" height=\"134\" src=\"https:\/\/www.ipq.pt\/wp-content\/uploads\/Miniatura_Academia-Q.jpg\" data-orig-src=\"https:\/\/storagewebsiteipq.blob.core.windows.net\/website\/Miniatura_Academia-Q-300x134.jpg\" alt class=\"lazyload img-responsive wp-image-24728\" srcset=\"data:image\/svg+xml,%3Csvg%20xmlns%3D%27http%3A%2F%2Fwww.w3.org%2F2000%2Fsvg%27%20width%3D%27500%27%20height%3D%27224%27%20viewBox%3D%270%200%20500%20224%27%3E%3Crect%20width%3D%27500%27%20height%3D%27224%27%20fill-opacity%3D%220%22%2F%3E%3C%2Fsvg%3E\" data-srcset=\"https:\/\/www.ipq.pt\/wp-content\/uploads\/Miniatura_Academia-Q-200x90.jpg 200w, https:\/\/www.ipq.pt\/wp-content\/uploads\/Miniatura_Academia-Q-400x179.jpg 400w, https:\/\/www.ipq.pt\/wp-content\/uploads\/Miniatura_Academia-Q.jpg 500w\" data-sizes=\"auto\" data-orig-sizes=\"(max-width: 1024px) 100vw, (max-width: 640px) 100vw, 300px\" \/><\/a><\/span><\/div><div class=\"fusion-title title fusion-title-4 fusion-sep-none fusion-title-text fusion-title-size-six template-1-title\" style=\"--awb-text-color:#a259ff;--awb-font-size:20px;\"><h6 class=\"fusion-title-heading title-heading-left fusion-responsive-typography-calculated\" style=\"margin:0;font-size:1em;--fontSize:20;--minFontSize:20;line-height:1.3;\">Parceiros<\/h6><\/div><div class=\"accordian fusion-accordian toggle-control toggle-title-control\" style=\"--awb-border-size:1px;--awb-icon-size:13px;--awb-content-font-size:var(--awb-typography4-font-size);--awb-icon-alignment:right;--awb-hover-color:#f9f9f9;--awb-border-color:#cccccc;--awb-background-color:#ffffff;--awb-divider-color:var(--awb-color3);--awb-divider-hover-color:var(--awb-color3);--awb-icon-color:#ffffff;--awb-title-color:var(--awb-color8);--awb-content-color:var(--awb-color8);--awb-icon-box-color:#a259ff;--awb-toggle-hover-accent-color:#8f0993;--awb-title-font-family:var(--awb-typography1-font-family);--awb-title-font-weight:var(--awb-typography1-font-weight);--awb-title-font-style:var(--awb-typography1-font-style);--awb-title-font-size:24px;--awb-title-letter-spacing:1px;--awb-title-line-height:1.5;--awb-content-font-family:var(--awb-typography4-font-family);--awb-content-font-weight:var(--awb-typography4-font-weight);--awb-content-font-style:var(--awb-typography4-font-style);\"><div class=\"panel-group fusion-toggle-icon-right fusion-toggle-icon-boxed\" id=\"accordion-24804-1\"><div class=\"fusion-panel panel-default panel-bb5cf2d23a2cb3359 fusion-toggle-has-divider\"><div class=\"panel-heading\"><h4 class=\"panel-title toggle\" id=\"toggle_bb5cf2d23a2cb3359\"><a aria-expanded=\"false\" aria-controls=\"bb5cf2d23a2cb3359\" role=\"button\" data-toggle=\"collapse\" data-parent=\"#accordion-24804-1\" data-target=\"#bb5cf2d23a2cb3359\" href=\"#bb5cf2d23a2cb3359\"><span class=\"fusion-toggle-icon-wrapper\" aria-hidden=\"true\"><i class=\"fa-fusion-box active-icon awb-icon-minus\" aria-hidden=\"true\"><\/i><i class=\"fa-fusion-box inactive-icon awb-icon-plus\" aria-hidden=\"true\"><\/i><\/span><span class=\"fusion-toggle-heading\">APEE - Associa\u00e7\u00e3o Portuguesa de \u00c9tica Empresarial<\/span><\/a><\/h4><\/div><div id=\"bb5cf2d23a2cb3359\" class=\"panel-collapse collapse \" aria-labelledby=\"toggle_bb5cf2d23a2cb3359\"><div class=\"panel-body toggle-content fusion-clearfix\">\n<p>APEE &#8211; Associa\u00e7\u00e3o Portuguesa de \u00c9tica Empresarial (APEE) \u00e9 uma associa\u00e7\u00e3o reconhecida pelo IPQ como Organismo de Normaliza\u00e7\u00e3o Setorial (ONS) e coordena a elabora\u00e7\u00e3o de normas nos dom\u00ednios da \u00c9tica, da Responsabilidade Social e da Sustentabilidade. O ONS-APEE encontra-se organizado em Comiss\u00f5es T\u00e9cnicas (CT) e Subcomiss\u00f5es (SC).<\/p>\n<p>A sua interven\u00e7\u00e3o no \u00e2mbito da forma\u00e7\u00e3o centra-se nas \u00e1reas dinamizadas em sede da sua atua\u00e7\u00e3o como ONS.<\/p>\n<\/div><\/div><\/div><div class=\"fusion-panel panel-default panel-23d5fb8d31ebe23f7 fusion-toggle-has-divider\"><div class=\"panel-heading\"><h4 class=\"panel-title toggle\" id=\"toggle_23d5fb8d31ebe23f7\"><a aria-expanded=\"false\" aria-controls=\"23d5fb8d31ebe23f7\" role=\"button\" data-toggle=\"collapse\" data-parent=\"#accordion-24804-1\" data-target=\"#23d5fb8d31ebe23f7\" href=\"#23d5fb8d31ebe23f7\"><span class=\"fusion-toggle-icon-wrapper\" aria-hidden=\"true\"><i class=\"fa-fusion-box active-icon awb-icon-minus\" aria-hidden=\"true\"><\/i><i class=\"fa-fusion-box inactive-icon awb-icon-plus\" aria-hidden=\"true\"><\/i><\/span><span class=\"fusion-toggle-heading\">CEDINTEC<\/span><\/a><\/h4><\/div><div id=\"23d5fb8d31ebe23f7\" class=\"panel-collapse collapse \" aria-labelledby=\"toggle_23d5fb8d31ebe23f7\"><div class=\"panel-body toggle-content fusion-clearfix\">\n<p>O CEDINTEC \u00e9 uma associa\u00e7\u00e3o de direito privado sem fins lucrativos e de utilidade p\u00fablica, criada em 1982, pelo INETI e IAPMEI, com participa\u00e7\u00e3o de diversas associa\u00e7\u00f5es empresariais.<\/p>\n<p>O CEDINTEC tem por miss\u00e3o contribuir para a promo\u00e7\u00e3o do refor\u00e7o da competitividade das atividades empresariais, com prioridade para as PME, em particular pela valoriza\u00e7\u00e3o da inova\u00e7\u00e3o e do desenvolvimento tecnol\u00f3gico, num quadro de coopera\u00e7\u00e3o estrat\u00e9gica dos seus associados, entre as miss\u00f5es pr\u00f3prias dos organismos que atuam sob tutela do minist\u00e9rio com a responsabilidade da economia e o papel desempenhado pelas estruturas associativas empresariais. \u00c9 no \u00e2mbito da sua miss\u00e3o que tem a parceria formativa com o IPQ.<\/p>\n<\/div><\/div><\/div><\/div><\/div><\/div><\/div><\/div><\/div><\/p>\n","protected":false},"excerpt":{"rendered":"","protected":false},"author":58,"featured_media":0,"parent":0,"menu_order":0,"comment_status":"closed","ping_status":"closed","template":"100-width.php","meta":{"footnotes":""},"class_list":["post-24804","page","type-page","status-publish","hentry"],"_links":{"self":[{"href":"https:\/\/www.ipq.pt\/en\/wp-json\/wp\/v2\/pages\/24804","targetHints":{"allow":["GET"]}}],"collection":[{"href":"https:\/\/www.ipq.pt\/en\/wp-json\/wp\/v2\/pages"}],"about":[{"href":"https:\/\/www.ipq.pt\/en\/wp-json\/wp\/v2\/types\/page"}],"author":[{"embeddable":true,"href":"https:\/\/www.ipq.pt\/en\/wp-json\/wp\/v2\/users\/58"}],"replies":[{"embeddable":true,"href":"https:\/\/www.ipq.pt\/en\/wp-json\/wp\/v2\/comments?post=24804"}],"version-history":[{"count":25,"href":"https:\/\/www.ipq.pt\/en\/wp-json\/wp\/v2\/pages\/24804\/revisions"}],"predecessor-version":[{"id":34689,"href":"https:\/\/www.ipq.pt\/en\/wp-json\/wp\/v2\/pages\/24804\/revisions\/34689"}],"wp:attachment":[{"href":"https:\/\/www.ipq.pt\/en\/wp-json\/wp\/v2\/media?parent=24804"}],"curies":[{"name":"wp","href":"https:\/\/api.w.org\/{rel}","templated":true}]}}